{"id":41,"date":"2019-02-23T14:40:32","date_gmt":"2019-02-23T13:40:32","guid":{"rendered":"http:\/\/atagepdm.noblogs.org\/?page_id=41"},"modified":"2019-02-23T15:03:46","modified_gmt":"2019-02-23T14:03:46","slug":"programm-a-tage-2019","status":"publish","type":"page","link":"https:\/\/atagepdm.noblogs.org\/en-US\/a-tage-2019\/programm-a-tage-2019\/","title":{"rendered":"Programm A-Tage 2019"},"content":{"rendered":"<p>Das ist das Programm f\u00fcr die Anarchistischen Tage Potsdam 2019. Einiges befindet sich noch in Arbeit, deshalb k\u00f6nnen sich Termine auch noch \u00e4ndern. Wenn Ihr Fragen zu \u00dcbersetzung, Barrierefreiheit oder Kinderbetreuung bei einzelnen Veranstaltungen habt, schreibt uns gerne: atagepdm[ \u00e4t ]riseup.net.<\/p>\n<p>[event-list]<\/p>\n<p>&nbsp;<\/p>\n","protected":false},"excerpt":{"rendered":"<p>Das ist das Programm f\u00fcr die Anarchistischen Tage Potsdam 2019. Einiges befindet sich noch in Arbeit, deshalb k\u00f6nnen sich Termine auch noch \u00e4ndern. Wenn Ihr Fragen zu \u00dcbersetzung, Barrierefreiheit oder Kinderbetreuung bei einzelnen Veranstaltungen habt, schreibt uns gerne: atagepdm[ \u00e4t ]riseup.net. [event-list] &nbsp;<\/p>\n","protected":false},"author":13219,"featured_media":0,"parent":16,"menu_order":0,"comment_status":"closed","ping_status":"closed","template":"","meta":{"_locale":"en_US","_original_post":"41","footnotes":""},"class_list":["post-41","page","type-page","status-publish","hentry","en-US"],"_links":{"self":[{"href":"https:\/\/atagepdm.noblogs.org\/wp-json\/wp\/v2\/pages\/41","targetHints":{"allow":["GET"]}}],"collection":[{"href":"https:\/\/atagepdm.noblogs.org\/wp-json\/wp\/v2\/pages"}],"about":[{"href":"https:\/\/atagepdm.noblogs.org\/wp-json\/wp\/v2\/types\/page"}],"author":[{"embeddable":true,"href":"https:\/\/atagepdm.noblogs.org\/wp-json\/wp\/v2\/users\/13219"}],"replies":[{"embeddable":true,"href":"https:\/\/atagepdm.noblogs.org\/wp-json\/wp\/v2\/comments?post=41"}],"version-history":[{"count":3,"href":"https:\/\/atagepdm.noblogs.org\/wp-json\/wp\/v2\/pages\/41\/revisions"}],"predecessor-version":[{"id":105,"href":"https:\/\/atagepdm.noblogs.org\/wp-json\/wp\/v2\/pages\/41\/revisions\/105"}],"up":[{"embeddable":true,"href":"https:\/\/atagepdm.noblogs.org\/wp-json\/wp\/v2\/pages\/16"}],"wp:attachment":[{"href":"https:\/\/atagepdm.noblogs.org\/wp-json\/wp\/v2\/media?parent=41"}],"curies":[{"name":"wp","href":"https:\/\/api.w.org\/{rel}","templated":true}]}}